{"id":127,"date":"2025-03-31T14:42:59","date_gmt":"2025-03-31T14:42:59","guid":{"rendered":"https:\/\/edu-maluszek.pl\/ver2025\/?page_id=127"},"modified":"2025-06-17T12:11:00","modified_gmt":"2025-06-17T12:11:00","slug":"zapisy","status":"publish","type":"page","link":"https:\/\/edu-maluszek.pl\/ver2025\/zapisy\/","title":{"rendered":"Zapisy"},"content":{"rendered":"\n\n\n\n\n\n\n<p>Lorem Ipsum has been the industry&#8217;s standard dummy text ever since the 1500s.<\/p>\n\n\n<h5>Dzi\u0119kujemy za zainteresowanie nasz\u0105 ofert\u0105!<\/h5>\n<p>Przedszkolakiem mo\u017ce zosta\u0107 ka\u017cde dziecko, kt\u00f3re uko\u0144czy\u0142o 2,5 roku.<br><br>Zapisy dzieci odbywaj\u0105 si\u0119 przez ca\u0142y rok, w zale\u017cno\u015bci od dost\u0119pno\u015bci miejsc wolnych. Dni otwarte s\u0105 przez ca\u0142y tydzie\u0144 po wcze\u015bniejszym um\u00f3wieni telefonicznym.<br><br>Aby zapisa\u0107 dziecko nale\u017cy wype\u0142ni\u0107 poni\u017cszy formularz, oraz um\u00f3wi\u0107 telefonicznie dzie\u0144 podpisania umowy. Umow\u0119 podpisuj\u0105 Pa\u0144stwo bezpo\u015brednio z dyrektorem przedszkola.&nbsp;<br><br>Op\u0142ata wpisowa powinna by\u0107 przelana na podany poni\u017cej numer konta nie p\u00f3\u017aniej ni\u017c 7 dni od podpisania umowy.<\/p>\n<p><br>Numer konta do wp\u0142at:<strong><br>42 1020 1811 0000 0502 0281 8003 (PKO BP)<\/strong><\/p>\n\n\n\n\n<h2>Ceny w naszych plac\u00f3wkach:<\/h2>\n\n\n\n\n\n\n<h3>Przedszkole na Przymorzu<\/h3>\n<p style=\"text-align: center;\">Czesne:<\/p>\n<h4>1050 z\u0142 \/ miesi\u0105c<\/h4>\n<p style=\"text-align: center;\">Wpisowe: 400 z\u0142 \/ jednorazowo,<br>Wy\u017cywienie: 20 z\u0142 \/ dziennie.<\/p>\n\n\n\n\n\n\n\n<h3>Przedszkole w Oliwie<\/h3>\n<p style=\"text-align: center;\">Czesne:<\/p>\n<h4>1150 z\u0142 \/ miesi\u0105c<\/h4>\n<p style=\"text-align: center;\">Wpisowe: 400 z\u0142 \/ jednorazowo,<br>Wy\u017cywienie: 20 z\u0142 \/ dziennie.<\/p>\n\n\n\n\n\n\nFormularz zg\u0142oszeniowy\n<p style=\"text-align: center; \">Pola zaznaczone gwiazdk\u0105 * musz\u0105 by\u0107 wype\u0142nione.<\/p>\n\n\n\n\n\n\n\n\n\n\n\n\n\n\n\n\n\n\n\n\n\n\n\n\n\n\n\n\n<h5>Informacja o przetwarzaniu danych osobowych<\/h5>\n\n\n\n\n\n\n","protected":false},"excerpt":{"rendered":"","protected":false},"author":1,"featured_media":0,"parent":0,"menu_order":0,"comment_status":"closed","ping_status":"closed","template":"","meta":{"pagelayer_contact_templates":{"jo8DLpFhfxIMXAR2":{"to_email":"jolanta.lebiecka@edu-maluszek.pl, jkowalewski@mmcafe.pl","from_email":"edu-maluszek@edu-maluszek.pl","cont_subject":"Wiadomo\u015b\u0107 z formularza zg\u0142oszeniowego do przedszkola","cont_body":"Chc\u0119 zapisa\u0107 dziecko do plac\u00f3wki: $Placowka\n\nDane dziecka:\nImi\u0119: $dz_Imie\nNazwisko: $dz_nazwisko\nPesel: $dz_pesel\nData urodzenia: $dz_data_urodzenia\nMiejsce urodzenia: $dz_miejsce_urodzenia\nAdres: $dz_miejsce_zamieszkania\nData rozpocz\u0119cia nauki: $dz_data_rozpoczecia_nauki\nGodziny przebywania: $dz_godziny_przebywania\nDieta: $dz_dieta\nUwagi: $dz_uwagi\n\nDane opiekun\u00f3w:\nImi\u0119: $ro_imie\nNazwisko: $ro_nazwisko\nEmail: $ro_email\nTelefon: $ro_telefon\nAdres: $ro_adres\nStanowisko matki: $ro_stanowisko_matka\nStanowisko matki: $ro_stanowisko_ojciec\nOsoba upowa\u017cniona do odbioru dziecka: $ro_odbior_dziecka\n\nDane pochodz\u0105 z formularza na stronie: https:\/\/edu-maluszek.pl\/ver2025\/zapisy\/"}},"_pagelayer_content":"","footnotes":""},"class_list":["post-127","page","type-page","status-publish","hentry"],"_links":{"self":[{"href":"https:\/\/edu-maluszek.pl\/ver2025\/wp-json\/wp\/v2\/pages\/127","targetHints":{"allow":["GET"]}}],"collection":[{"href":"https:\/\/edu-maluszek.pl\/ver2025\/wp-json\/wp\/v2\/pages"}],"about":[{"href":"https:\/\/edu-maluszek.pl\/ver2025\/wp-json\/wp\/v2\/types\/page"}],"author":[{"embeddable":true,"href":"https:\/\/edu-maluszek.pl\/ver2025\/wp-json\/wp\/v2\/users\/1"}],"replies":[{"embeddable":true,"href":"https:\/\/edu-maluszek.pl\/ver2025\/wp-json\/wp\/v2\/comments?post=127"}],"version-history":[{"count":21,"href":"https:\/\/edu-maluszek.pl\/ver2025\/wp-json\/wp\/v2\/pages\/127\/revisions"}],"predecessor-version":[{"id":296,"href":"https:\/\/edu-maluszek.pl\/ver2025\/wp-json\/wp\/v2\/pages\/127\/revisions\/296"}],"wp:attachment":[{"href":"https:\/\/edu-maluszek.pl\/ver2025\/wp-json\/wp\/v2\/media?parent=127"}],"curies":[{"name":"wp","href":"https:\/\/api.w.org\/{rel}","templated":true}]}}