{"id":176,"date":"2025-04-01T14:20:08","date_gmt":"2025-04-01T14:20:08","guid":{"rendered":"https:\/\/edu-maluszek.pl\/ver2025\/?page_id=176"},"modified":"2025-06-17T12:12:47","modified_gmt":"2025-06-17T12:12:47","slug":"przetwarzanie","status":"publish","type":"page","link":"https:\/\/edu-maluszek.pl\/ver2025\/przetwarzanie\/","title":{"rendered":"Przetwarzanie"},"content":{"rendered":"\n\n\n\n\n\n\n<h3>Informacje o przetwarzaniu danych osobowych i plikach cookies<\/h3>\n<p>Administratorem Pa\u0144stwa danych osobowych przes\u0142anych w formularzach osobowych jest firma: Opieka nad ma\u0142ym dzieckiem &#8222;Maluszek&#8221; Jolanta Lebiecka<br>Adolfa Dygasi\u0144skiego 1A, 80-456 Gda\u0144sk.<\/p>\n<p>Osobom, kt\u00f3re przes\u0142a\u0142y informacje za pomoc\u0105 formularzy kontaktowych, przys\u0142uguje prawo do ich usuni\u0119cie. W tym celu prosimy o kontakt z Administratorem danych.<br><br>Firma Maluszek, informuje, \u017ce nie przekazuje przes\u0142anych danych \u017cadnym innym podmiotom. Przes\u0142ane w formularzach dane niezb\u0119dne s\u0105 do prowadzenia dzia\u0142alno\u015bci zwi\u0105zanej z opiek\u0105 nad dzie\u0107mi.&nbsp;<br><br>Informujemy, \u017ce strona internetowa edu-maluszek.pl, u\u017cywa plik\u00f3w cookies. Pliki te s\u0105 niezb\u0119dne do prawid\u0142owego dzia\u0142ania serwisu. Je\u017celi nie zgadzaj\u0105 si\u0119 Pa\u0144stwo na u\u017cywanie plik\u00f3w cookies, to prosimy o opuszczenie tego serwisu internetowego.<\/p>\n\n\n\n\n\n\n","protected":false},"excerpt":{"rendered":"","protected":false},"author":1,"featured_media":0,"parent":0,"menu_order":0,"comment_status":"closed","ping_status":"closed","template":"","meta":{"pagelayer_contact_templates":[],"_pagelayer_content":"","footnotes":""},"class_list":["post-176","page","type-page","status-publish","hentry"],"_links":{"self":[{"href":"https:\/\/edu-maluszek.pl\/ver2025\/wp-json\/wp\/v2\/pages\/176","targetHints":{"allow":["GET"]}}],"collection":[{"href":"https:\/\/edu-maluszek.pl\/ver2025\/wp-json\/wp\/v2\/pages"}],"about":[{"href":"https:\/\/edu-maluszek.pl\/ver2025\/wp-json\/wp\/v2\/types\/page"}],"author":[{"embeddable":true,"href":"https:\/\/edu-maluszek.pl\/ver2025\/wp-json\/wp\/v2\/users\/1"}],"replies":[{"embeddable":true,"href":"https:\/\/edu-maluszek.pl\/ver2025\/wp-json\/wp\/v2\/comments?post=176"}],"version-history":[{"count":6,"href":"https:\/\/edu-maluszek.pl\/ver2025\/wp-json\/wp\/v2\/pages\/176\/revisions"}],"predecessor-version":[{"id":298,"href":"https:\/\/edu-maluszek.pl\/ver2025\/wp-json\/wp\/v2\/pages\/176\/revisions\/298"}],"wp:attachment":[{"href":"https:\/\/edu-maluszek.pl\/ver2025\/wp-json\/wp\/v2\/media?parent=176"}],"curies":[{"name":"wp","href":"https:\/\/api.w.org\/{rel}","templated":true}]}}