{"id":35,"date":"2025-03-27T09:53:47","date_gmt":"2025-03-27T09:53:47","guid":{"rendered":"https:\/\/edu-maluszek.pl\/ver2025\/contact\/"},"modified":"2025-06-17T12:11:42","modified_gmt":"2025-06-17T12:11:42","slug":"contact","status":"publish","type":"page","link":"https:\/\/edu-maluszek.pl\/ver2025\/contact\/","title":{"rendered":"Kontakt"},"content":{"rendered":"\n\n\nEdu-maluszek, polska\n\n\n\n\n<h5>Edu-Maluszek<\/h5>\n\n\n<p><strong>Oliwa: <\/strong><br>\nul. Jana Husa 1, Gda\u0144sk<br> \nkom. 500 073 820<br> <br>\n<strong>Przymorze:<\/strong><br>\nul. Olszty\u0144ska 3c\/1, Gda\u0144sk<br> \nkom. 500 073 820<br> <br><\/p>\n\n\n\n\n\n<h6>Skontaktuj si\u0119 z nami<\/h6>\n<h5>Wpisz poni\u017csze dane, aby wys\u0142a\u0107 do nas wiadomo\u015b\u0107:<\/h5>\n\n\n\n\n\n\n\n<h5>Informacje o przetwarzaniu danych osobowych<\/h5>\n\n\n","protected":false},"excerpt":{"rendered":"","protected":false},"author":1,"featured_media":0,"parent":0,"menu_order":0,"comment_status":"closed","ping_status":"closed","template":"","meta":{"pagelayer_contact_templates":{"yur9989":{"to_email":"jolanta.lebiecka@edu-maluszek.pl, jkowalewski@mmcafe.pl","from_email":"Edu-Maluszek@edu-maluszek.pl","cont_subject":"Edu-Maluszek, wiadomo\u015b\u0107 z formularza kontaktowego","cont_body":"Nazwa U\u017cytkownika: $name,\nEmail u\u017cytkownika: $email,\nTelefon kontaktowy: $phone,\n\nWiadomo\u015b\u0107 u\u017cytkownika:\n$message","cont_use_html":"true"}},"_pagelayer_content":"","footnotes":""},"class_list":["post-35","page","type-page","status-publish","hentry"],"_links":{"self":[{"href":"https:\/\/edu-maluszek.pl\/ver2025\/wp-json\/wp\/v2\/pages\/35","targetHints":{"allow":["GET"]}}],"collection":[{"href":"https:\/\/edu-maluszek.pl\/ver2025\/wp-json\/wp\/v2\/pages"}],"about":[{"href":"https:\/\/edu-maluszek.pl\/ver2025\/wp-json\/wp\/v2\/types\/page"}],"author":[{"embeddable":true,"href":"https:\/\/edu-maluszek.pl\/ver2025\/wp-json\/wp\/v2\/users\/1"}],"replies":[{"embeddable":true,"href":"https:\/\/edu-maluszek.pl\/ver2025\/wp-json\/wp\/v2\/comments?post=35"}],"version-history":[{"count":16,"href":"https:\/\/edu-maluszek.pl\/ver2025\/wp-json\/wp\/v2\/pages\/35\/revisions"}],"predecessor-version":[{"id":297,"href":"https:\/\/edu-maluszek.pl\/ver2025\/wp-json\/wp\/v2\/pages\/35\/revisions\/297"}],"wp:attachment":[{"href":"https:\/\/edu-maluszek.pl\/ver2025\/wp-json\/wp\/v2\/media?parent=35"}],"curies":[{"name":"wp","href":"https:\/\/api.w.org\/{rel}","templated":true}]}}