{"id":36,"date":"2025-03-27T09:53:47","date_gmt":"2025-03-27T09:53:47","guid":{"rendered":"https:\/\/edu-maluszek.pl\/ver2025\/home\/"},"modified":"2025-04-04T08:04:58","modified_gmt":"2025-04-04T08:04:58","slug":"nasza-misja","status":"publish","type":"page","link":"https:\/\/edu-maluszek.pl\/ver2025\/","title":{"rendered":"Nasza misja"},"content":{"rendered":"\n\n\n\n<h6>Kim jeste\u015bmy<\/h6>\n\n<h4>Nasza misja to inwestycja w przysz\u0142o\u015b\u0107!<\/h4>\n<p>U nas ka\u017cdy Maluch czuje si\u0119 bezpiecznie i ch\u0119tnie powraca. Budujemy przestrze\u0144 otwart\u0105 dla ka\u017cdego, niezale\u017cnie od pochodzenia, koloru sk\u00f3ry czy wiary, jednocze\u015bnie ucz\u0105c szacunku do drugiej osoby. Dzieci w naszych plac\u00f3wkach odkrywaj\u0105, do\u015bwiadczaj\u0105 i rozwijaj\u0105 w\u0142asne kompetencje osi\u0105gaj\u0105c solidne podstawy do rozpocz\u0119cia edukacji szkolnej. Najbardziej zale\u017cy nam na budowaniu pozytywnych do\u015bwiadcze\u0144 dzieci od ich najm\u0142odszych lat. Staramy si\u0119 kszta\u0142towa\u0107 naszych podopiecznych tak, by wyros\u0142y na osoby odpowiedzialne i tolerancyjne, aby uzyska\u0142y solidne podstawy do dalszej edukacji. Nasi absolwenci \u015bwietnie radz\u0105 sobie w publicznych i niepublicznych szko\u0142ach przechodz\u0105c bez problemu wst\u0119pne testy do prywatnych plac\u00f3wek.<\/p>\n<p>W naszych plac\u00f3wkach zapewniamy wszystkim dzieciom jego du\u017c\u0105 dawk\u0119! Sport to rozw\u00f3j motoryczny, r\u00f3wnowaga, koordynacja i tego nasze dzieci ucz\u0105 si\u0119 codziennie. Wszystkie grupy wiekowe maj\u0105 zaj\u0119cia sportowe z trenerem. S\u0105 to zabawy og\u00f3lnorozwojowe, z elementami gimnastyki korekcyjnej i sensorycznej, wsp\u00f3\u0142zawodnictwo, gry zespo\u0142owe, zumba, elementy pi\u0142ki no\u017cnej, siatk\u00f3wki i koszyk\u00f3wki. Podstawowe umiej\u0119tno\u015bci, kt\u00f3re opanuj\u0105 dzieci to: biegi, pokonywanie przeszk\u00f3d, wspinanie, przeskakiwanie, koz\u0142owanie pi\u0142ek, czworakowanie przodem i ty\u0142em, przewroty, wy\u015bcigi, gry zespo\u0142owe np. \u201ew zbijaka\u201d. Warto\u015bci\u0105 dodan\u0105 plac\u00f3wki w Oliwie jest 100m2 sala gimnastyczna na kt\u00f3rej rozpoczynamy treningi unihokeja.<\/p>\n<p>To trudny czas dla dzieci, kt\u00f3ry wsp\u00f3lnie z Wami, rodzicami ustalamy indywidualnie staraj\u0105c si\u0119 przy tym zminimalizowa\u0107 l\u0119k separacyjny.\nBardzo wa\u017cne jest dla nas, aby rodzice i dziecko mieli pe\u0142ne poczucie bezpiecze\u0144stwa w naszych plac\u00f3wkach. \nPodstawow\u0105 zasad\u0105 obowi\u0105zuj\u0105c\u0105 w naszych przedszkolach jest przyjemno\u015b\u0107, jak\u0105 dzieci maj\u0105 czerpa\u0107 z pobytu w przedszkolu!<\/p>\n<p>Nasi terapeuci cierpliwie i z empati\u0105 dostosowuj\u0105 metody nauczania do potrzeb uczni\u00f3w ze spektrum autyzmu, wspieraj\u0105 ich w trudno\u015bciach, buduj\u0105 bezpieczn\u0105 atmosfer\u0119. Wsp\u00f3\u0142pracuj\u0105 z nauczycielami, terapeutami i rodzicami w celu zapewnienia sp\u00f3jnego wsparcia. Posiadaj\u0105 wysokie kompetencje komunikacyjne, umiej\u0119tno\u015b\u0107 pracy zespo\u0142owej, s\u0105 kreatywni i elastyczni, znaj\u0105 techniki radzenia sobie z trudnymi zachowaniami a przede wszystkim s\u0105 pe\u0142ni pasji i zaanga\u017cowania.<\/p>\n<p>W naszym zespole s\u0105 terapeuci znaj\u0105cy metody pracy z ASD, psycholodzy, logopedzi, prowadzimy terapie afazji, terapii logopedycznej, pedagogicznej, terapii r\u0119ki, prowadzimy indywidualn\u0105 prac\u0119 wyr\u00f3wnawcz\u0105.<\/p>\n\n\n\n<p>Lorem Ipsum has been the industry&#8217;s standard dummy text ever since the 1500s.<\/p>\n\n\n<p>Lorem Ipsum has been the industry&#8217;s standard dummy text ever since the 1500s.<\/p>\n\n\n<p>Lorem Ipsum has been the industry&#8217;s standard dummy text ever since the 1500s.<\/p>\n\n\n<p>Lorem Ipsum has been the industry&#8217;s standard dummy text ever since the 1500s.<\/p>\n\n\n\n","protected":false},"excerpt":{"rendered":"","protected":false},"author":1,"featured_media":0,"parent":0,"menu_order":0,"comment_status":"closed","ping_status":"closed","template":"","meta":{"pagelayer_contact_templates":[],"_pagelayer_content":"","footnotes":""},"class_list":["post-36","page","type-page","status-publish","hentry"],"_links":{"self":[{"href":"https:\/\/edu-maluszek.pl\/ver2025\/wp-json\/wp\/v2\/pages\/36","targetHints":{"allow":["GET"]}}],"collection":[{"href":"https:\/\/edu-maluszek.pl\/ver2025\/wp-json\/wp\/v2\/pages"}],"about":[{"href":"https:\/\/edu-maluszek.pl\/ver2025\/wp-json\/wp\/v2\/types\/page"}],"author":[{"embeddable":true,"href":"https:\/\/edu-maluszek.pl\/ver2025\/wp-json\/wp\/v2\/users\/1"}],"replies":[{"embeddable":true,"href":"https:\/\/edu-maluszek.pl\/ver2025\/wp-json\/wp\/v2\/comments?post=36"}],"version-history":[{"count":5,"href":"https:\/\/edu-maluszek.pl\/ver2025\/wp-json\/wp\/v2\/pages\/36\/revisions"}],"predecessor-version":[{"id":201,"href":"https:\/\/edu-maluszek.pl\/ver2025\/wp-json\/wp\/v2\/pages\/36\/revisions\/201"}],"wp:attachment":[{"href":"https:\/\/edu-maluszek.pl\/ver2025\/wp-json\/wp\/v2\/media?parent=36"}],"curies":[{"name":"wp","href":"https:\/\/api.w.org\/{rel}","templated":true}]}}