{"id":37,"date":"2025-03-27T09:53:47","date_gmt":"2025-03-27T09:53:47","guid":{"rendered":"https:\/\/edu-maluszek.pl\/ver2025\/services\/"},"modified":"2025-06-17T12:08:32","modified_gmt":"2025-06-17T12:08:32","slug":"services","status":"publish","type":"page","link":"https:\/\/edu-maluszek.pl\/ver2025\/services\/","title":{"rendered":"Kadra"},"content":{"rendered":"\n\n\n<h6>Nasza kadra<\/h6>\n<h2>Maluch jest u nas bezpieczny jak w domu<\/h2>\n\n\nW naszym przedszkolu stawiamy na rozw\u00f3j i bezpiecze\u0144stwo. Zale\u017cy nam na tym, aby ka\u017cde dziecko czu\u0142o si\u0119 w naszych plac\u00f3wkach jak w domu, a rodzice mieli poczucie, \u017ce oddaj\u0105 swoje Pociechy w dobre r\u0119ce. Ka\u017cda z grup liczy maksymalnie 25 dzieci nad kt\u00f3rych bezpiecze\u0144stwem czuwa zawsze minimum trzech nauczycieli. Razem dbamy o wszechstronny rozw\u00f3j najm\u0142odszych bior\u0105c pod uwag\u0119 tak\u017ce ich indywidualne potrzeby. Staramy si\u0119 uk\u0142ada\u0107 plan dnia tak, aby ka\u017cdego dnia zapewnia\u0107 naszym najm\u0142odszym du\u017c\u0105 dawk\u0119 wiedzy i zabawy a tak\u017ce sportu i odpoczynku. Bogat\u0105 ofert\u0119 zaj\u0119\u0107 uzupe\u0142niamy cz\u0119stymi wycieczkami poza nasze plac\u00f3wki. O ka\u017cd\u0105 z tych rzeczy dba nasz ponad 20 osobowy zesp\u00f3\u0142 specjalist\u00f3w w\u015br\u00f3d kt\u00f3rych znajdziemy:&nbsp;&nbsp;\n\n\n\n\n\n\n\n\n<p>Nauczycieli edukacji przedszkolnej<\/p>\n<p>Pedagog\u00f3w prowadz\u0105cych terapi\u0119 r\u0119ki i z elementami SI<\/p>\n\n\n<p>Pedagog\u00f3w specjalnych<\/p>\n<p>Opiekunek dzieci\u0119cych we wszystkich plac\u00f3wkach<\/p>\n<p>Rytmiczka, neurologopeda, surdologopeda, oligafrenopedagog, nauczyciel wf-u oraz asystentki nauczycieli.<\/p>\n\n\n<p>Terapeut\u00f3w behawioralnych<\/p>\n<p>Nauczycieli prowadz\u0105cych zaj\u0119cia z j\u0119z. angielskiego<br><\/p>\n\n\n\n\n","protected":false},"excerpt":{"rendered":"","protected":false},"author":1,"featured_media":0,"parent":0,"menu_order":0,"comment_status":"closed","ping_status":"closed","template":"","meta":{"pagelayer_contact_templates":[],"_pagelayer_content":"","footnotes":""},"class_list":["post-37","page","type-page","status-publish","hentry"],"_links":{"self":[{"href":"https:\/\/edu-maluszek.pl\/ver2025\/wp-json\/wp\/v2\/pages\/37","targetHints":{"allow":["GET"]}}],"collection":[{"href":"https:\/\/edu-maluszek.pl\/ver2025\/wp-json\/wp\/v2\/pages"}],"about":[{"href":"https:\/\/edu-maluszek.pl\/ver2025\/wp-json\/wp\/v2\/types\/page"}],"author":[{"embeddable":true,"href":"https:\/\/edu-maluszek.pl\/ver2025\/wp-json\/wp\/v2\/users\/1"}],"replies":[{"embeddable":true,"href":"https:\/\/edu-maluszek.pl\/ver2025\/wp-json\/wp\/v2\/comments?post=37"}],"version-history":[{"count":9,"href":"https:\/\/edu-maluszek.pl\/ver2025\/wp-json\/wp\/v2\/pages\/37\/revisions"}],"predecessor-version":[{"id":293,"href":"https:\/\/edu-maluszek.pl\/ver2025\/wp-json\/wp\/v2\/pages\/37\/revisions\/293"}],"wp:attachment":[{"href":"https:\/\/edu-maluszek.pl\/ver2025\/wp-json\/wp\/v2\/media?parent=37"}],"curies":[{"name":"wp","href":"https:\/\/api.w.org\/{rel}","templated":true}]}}