{"id":83,"date":"2025-03-31T10:27:28","date_gmt":"2025-03-31T10:27:28","guid":{"rendered":"https:\/\/edu-maluszek.pl\/ver2025\/?page_id=83"},"modified":"2025-06-17T12:09:31","modified_gmt":"2025-06-17T12:09:31","slug":"oliwa","status":"publish","type":"page","link":"https:\/\/edu-maluszek.pl\/ver2025\/oliwa\/","title":{"rendered":"Oliwa"},"content":{"rendered":"\n\n\n<h2>Przedszkole w Oliwie<\/h2>\n\n\n\n<h2>Dzia\u0142amy od 2017 roku<\/h2>\n\n\n\n\n\n\n\n\n\n\n\n\n\n\n\n\n\n\n\n\n\n\n\n\n\n\n\n\n\n\n\n\n\n\n\n\n<h2>Przedszkole w samym centrum biznesowej dzielnicy Gda\u0144ska<\/h2>\n\nW odpowiedzi na rosn\u0105ce zainteresowanie i zapotrzebowanie na przedszkola zdecydowali\u015bmy si\u0119 otworzy\u0107 now\u0105 fili\u0119. Od wrze\u015bnia 2017 roku dzia\u0142amy w \u015bwie\u017co wyremontowanym i dostosowanym do potrzeb dzieci budynku. Maluchy maj\u0105 do dyspozycji ponad 500 metr\u00f3w kwadratowych powierzchni na kt\u00f3r\u0105 sk\u0142adaj\u0105 si\u0119 4 sale dla 4 grup dzieci, 100 metr\u00f3w kwadratowych sali gimnastycznej na kt\u00f3rej codziennie odbywaj\u0105 si\u0119 zaj\u0119cia sportowe, obszerna szatnia, pok\u00f3j muzyczny i 3 gabinety do pracy indywidualnej, w tym jeden przygotowany i dostosowany do integracji sensorycznej. Wszystko to znajduje si\u0119 w przepi\u0119knej i historycznej dzielnicy Gda\u0144ska jak\u0105 jest Oliwa, kt\u00f3ra zach\u0119ca do codziennych spacer\u00f3w po urokliwych uliczkach,&nbsp; odwiedzenia parku, a tak\u017ce jest dogodnie skomunikowana z ca\u0142ym miastem.\nAdres: ul. Jana Husa 1, Gda\u0144sk<br>\nTel. 518 399 022<br>\nE-mail: przedszkole@edu-maluszek.pl<br>\n\n\n\n\n\n\n<br>\n<br>\n<br>\n<br>\n<br>\n<br>\n\n\n\n\n<h2>Jak u nas wygl\u0105da dzie\u0144 Malucha?<\/h2>\n\n\n\n\n\n\n\n\n\n\n\n\n\n\n\n<h2>Nie ma czasu na nud\u0119!<\/h2>\n\n\n\n\nRaz dziennie przez 5 dni w tygodniu ka\u017cda grupa ma zorganizowane zaj\u0119cia z j\u0119zykiem angielskim \u2013 dzieci pracuj\u0105 z ksi\u0105\u017ck\u0105, piosenk\u0105, kart\u0105 pracy, s\u0142uchaj\u0105 czytanych tekst\u00f3w i rozmawiaj\u0105.\nDwa razy w tygodniu dzieci \u015bpiewaj\u0105 podczas rytmiki, maj\u0105 zaj\u0119cia taneczne i graj\u0105 na instrumentach perkusyjnych. Nasze przedszkole rozbrzmiewa muzyk\u0105!\nNa naszych zaj\u0119ciach dzieci poznaj\u0105 zadziwiaj\u0105cy \u015bwiat fizyki i chemii. Od najm\u0142odszych lat ucz\u0105 si\u0119 proces\u00f3w zachodz\u0105cych w przyrodzie i odkrywaj\u0105 fascynuj\u0105ce zjawiska, kt\u00f3rych nie zaobserwuj\u0105 na codzie\u0144.\nW gronie naszego personelu jest pi\u0119ciu do\u015bwiadczonych terapeut\u00f3w z kwalifikacjami do pracy z dzie\u0107mi ze spektrum autyzmu, afazj\u0105, terapi\u0105 pedagogiczn\u0105 i indywidualn\u0105 wyr\u00f3wnawcz\u0105. Prowadzimy terapi\u0119 w zakresie wczesnego wspomagania rozwoju i logopedyczn\u0105, pracujemy z dzie\u0107mi nies\u0142ysz\u0105cymi.\nNeurologopeda i surdologopeda zdiagnozuj\u0105 i ustal\u0105 program \u0107wicze\u0144 na terenie przedszkola, kt\u00f3re b\u0119dzie mo\u017cna prowadzi\u0107 z dzieckiem tak\u017ce w domu. Ka\u017cda grupa raz w tygodniu ma zaj\u0119cia z profilaktyki logopedycznej. Jest mo\u017cliwo\u015b\u0107 pracy z dzie\u0107mi niedos\u0142ysz\u0105cymi.\nOgromna sala gimnastyczna sta\u0142a si\u0119 miejscem licznych zaj\u0119\u0107: ta\u0144ca, gimnastyki korekcyjnej, zaj\u0119\u0107 og\u00f3lnorozwojowych, z elementami pi\u0142ki no\u017cnej. Wszystko to pod opiek\u0105 nauczyciela wychowania fizycznego z wykszta\u0142ceniem pedagogicznym.\nWystawiamy w\u0142asne przedstawienia oraz organizujemy wycieczki do tr\u00f3jmiejskich miejsc kultury. Dzieci ucz\u0105 si\u0119 dzi\u0119ki temu poprawnej dykcji, koordynacji, \u0107wicz\u0105 pami\u0119\u0107 oraz staj\u0105 si\u0119 bardziej otwarte.\nStarsze dzieci konstruuj\u0105, manipuluj\u0105, sk\u0119caj\u0105, wkr\u0119caj\u0105, zbijaj\u0105 elementy ucz\u0105c si\u0119 pos\u0142ugiwania podstawowymi narz\u0119dziami.\n\n\n\n\n<h2>Zobacz jak wygl\u0105da dzie\u0144 w naszym przedszkolu<\/h2>\n\n\n\n\n\n\n\n","protected":false},"excerpt":{"rendered":"","protected":false},"author":1,"featured_media":0,"parent":0,"menu_order":0,"comment_status":"closed","ping_status":"closed","template":"","meta":{"pagelayer_contact_templates":[],"_pagelayer_content":"","footnotes":""},"class_list":["post-83","page","type-page","status-publish","hentry"],"_links":{"self":[{"href":"https:\/\/edu-maluszek.pl\/ver2025\/wp-json\/wp\/v2\/pages\/83","targetHints":{"allow":["GET"]}}],"collection":[{"href":"https:\/\/edu-maluszek.pl\/ver2025\/wp-json\/wp\/v2\/pages"}],"about":[{"href":"https:\/\/edu-maluszek.pl\/ver2025\/wp-json\/wp\/v2\/types\/page"}],"author":[{"embeddable":true,"href":"https:\/\/edu-maluszek.pl\/ver2025\/wp-json\/wp\/v2\/users\/1"}],"replies":[{"embeddable":true,"href":"https:\/\/edu-maluszek.pl\/ver2025\/wp-json\/wp\/v2\/comments?post=83"}],"version-history":[{"count":23,"href":"https:\/\/edu-maluszek.pl\/ver2025\/wp-json\/wp\/v2\/pages\/83\/revisions"}],"predecessor-version":[{"id":294,"href":"https:\/\/edu-maluszek.pl\/ver2025\/wp-json\/wp\/v2\/pages\/83\/revisions\/294"}],"wp:attachment":[{"href":"https:\/\/edu-maluszek.pl\/ver2025\/wp-json\/wp\/v2\/media?parent=83"}],"curies":[{"name":"wp","href":"https:\/\/api.w.org\/{rel}","templated":true}]}}